{"id":1406,"date":"2023-06-23T15:50:31","date_gmt":"2023-06-23T12:50:31","guid":{"rendered":"https:\/\/www.fineandflow.com\/?page_id=1406"},"modified":"2023-06-27T22:26:03","modified_gmt":"2023-06-27T19:26:03","slug":"testimonios","status":"publish","type":"page","link":"https:\/\/old.fineandflow.com\/?page_id=1406","title":{"rendered":"Testimonios"},"content":{"rendered":"\t\t<div data-elementor-type=\"wp-page\" data-elementor-id=\"1406\" class=\"elementor elementor-1406\">\n\t\t\t\t\t\t<section class=\"elementor-section elementor-top-section elementor-element elementor-element-e54c45f elementor-section-boxed elementor-section-height-default elementor-section-height-default\" data-id=\"e54c45f\" data-element_type=\"section\" data-e-type=\"section\">\n\t\t\t\t\t\t<div class=\"elementor-container elementor-column-gap-default\">\n\t\t\t\t\t<div class=\"elementor-column elementor-col-100 elementor-top-column elementor-element elementor-element-ca0403e\" data-id=\"ca0403e\" data-element_type=\"column\" data-e-type=\"column\">\n\t\t\t<div class=\"elementor-widget-wrap elementor-element-populated\">\n\t\t\t\t\t\t<div class=\"elementor-element elementor-element-ee85440 elementor-widget elementor-widget-spacer\" data-id=\"ee85440\" data-element_type=\"widget\" data-e-type=\"widget\" data-widget_type=\"spacer.default\">\n\t\t\t\t<div class=\"elementor-widget-container\">\n\t\t\t\t\t\t\t<div class=\"elementor-spacer\">\n\t\t\t<div class=\"elementor-spacer-inner\"><\/div>\n\t\t<\/div>\n\t\t\t\t\t\t<\/div>\n\t\t\t\t<\/div>\n\t\t\t\t<div class=\"elementor-element elementor-element-16eb115 elementor-widget elementor-widget-heading\" data-id=\"16eb115\" data-element_type=\"widget\" data-e-type=\"widget\" data-widget_type=\"heading.default\">\n\t\t\t\t<div class=\"elementor-widget-container\">\n\t\t\t\t\t<h2 class=\"elementor-heading-title elementor-size-default\">Testimonios<\/h2>\t\t\t\t<\/div>\n\t\t\t\t<\/div>\n\t\t\t\t<div class=\"elementor-element elementor-element-6b21944 elementor-widget elementor-widget-spacer\" data-id=\"6b21944\" data-element_type=\"widget\" data-e-type=\"widget\" data-widget_type=\"spacer.default\">\n\t\t\t\t<div class=\"elementor-widget-container\">\n\t\t\t\t\t\t\t<div class=\"elementor-spacer\">\n\t\t\t<div class=\"elementor-spacer-inner\"><\/div>\n\t\t<\/div>\n\t\t\t\t\t\t<\/div>\n\t\t\t\t<\/div>\n\t\t\t\t\t<\/div>\n\t\t<\/div>\n\t\t\t\t\t<\/div>\n\t\t<\/section>\n\t\t\t\t<section class=\"elementor-section elementor-top-section elementor-element elementor-element-79a7189 elementor-section-boxed elementor-section-height-default elementor-section-height-default\" data-id=\"79a7189\" data-element_type=\"section\" data-e-type=\"section\" data-settings=\"{&quot;background_background&quot;:&quot;classic&quot;,&quot;shape_divider_top&quot;:&quot;clouds&quot;,&quot;shape_divider_bottom&quot;:&quot;clouds&quot;}\">\n\t\t\t\t\t\t\t<div class=\"elementor-background-overlay\"><\/div>\n\t\t\t\t\t\t<div class=\"elementor-shape elementor-shape-top\" aria-hidden=\"true\" data-negative=\"false\">\n\t\t\t<svg xmlns=\"http:\/\/www.w3.org\/2000\/svg\" viewBox=\"0 0 283.5 27.8\" preserveAspectRatio=\"xMidYMax slice\">\n  <path class=\"elementor-shape-fill\" d=\"M0 0v6.7c1.9-.8 4.7-1.4 8.5-1 9.5 1.1 11.1 6 11.1 6s2.1-.7 4.3-.2c2.1.5 2.8 2.6 2.8 2.6s.2-.5 1.4-.7c1.2-.2 1.7.2 1.7.2s0-2.1 1.9-2.8c1.9-.7 3.6.7 3.6.7s.7-2.9 3.1-4.1 4.7 0 4.7 0 1.2-.5 2.4 0 1.7 1.4 1.7 1.4h1.4c.7 0 1.2.7 1.2.7s.8-1.8 4-2.2c3.5-.4 5.3 2.4 6.2 4.4.4-.4 1-.7 1.8-.9 2.8-.7 4 .7 4 .7s1.7-5 11.1-6c9.5-1.1 12.3 3.9 12.3 3.9s1.2-4.8 5.7-5.7c4.5-.9 6.8 1.8 6.8 1.8s.6-.6 1.5-.9c.9-.2 1.9-.2 1.9-.2s5.2-6.4 12.6-3.3c7.3 3.1 4.7 9 4.7 9s1.9-.9 4 0 2.8 2.4 2.8 2.4 1.9-1.2 4.5-1.2 4.3 1.2 4.3 1.2.2-1 1.4-1.7 2.1-.7 2.1-.7-.5-3.1 2.1-5.5 5.7-1.4 5.7-1.4 1.5-2.3 4.2-1.1c2.7 1.2 1.7 5.2 1.7 5.2s.3-.1 1.3.5c.5.4.8.8.9 1.1.5-1.4 2.4-5.8 8.4-4 7.1 2.1 3.5 8.9 3.5 8.9s.8-.4 2 0 1.1 1.1 1.1 1.1 1.1-1.1 2.3-1.1 2.1.5 2.1.5 1.9-3.6 6.2-1.2 1.9 6.4 1.9 6.4 2.6-2.4 7.4 0c3.4 1.7 3.9 4.9 3.9 4.9s3.3-6.9 10.4-7.9 11.5 2.6 11.5 2.6.8 0 1.2.2c.4.2.9.9.9.9s4.4-3.1 8.3.2c1.9 1.7 1.5 5 1.5 5s.3-1.1 1.6-1.4c1.3-.3 2.3.2 2.3.2s-.1-1.2.5-1.9 1.9-.9 1.9-.9-4.7-9.3 4.4-13.4c5.6-2.5 9.2.9 9.2.9s5-6.2 15.9-6.2 16.1 8.1 16.1 8.1.7-.2 1.6-.4V0H0z\"\/>\n<\/svg>\n\t\t<\/div>\n\t\t\t\t<div class=\"elementor-shape elementor-shape-bottom\" aria-hidden=\"true\" data-negative=\"false\">\n\t\t\t<svg xmlns=\"http:\/\/www.w3.org\/2000\/svg\" viewBox=\"0 0 283.5 27.8\" preserveAspectRatio=\"xMidYMax slice\">\n  <path class=\"elementor-shape-fill\" d=\"M0 0v6.7c1.9-.8 4.7-1.4 8.5-1 9.5 1.1 11.1 6 11.1 6s2.1-.7 4.3-.2c2.1.5 2.8 2.6 2.8 2.6s.2-.5 1.4-.7c1.2-.2 1.7.2 1.7.2s0-2.1 1.9-2.8c1.9-.7 3.6.7 3.6.7s.7-2.9 3.1-4.1 4.7 0 4.7 0 1.2-.5 2.4 0 1.7 1.4 1.7 1.4h1.4c.7 0 1.2.7 1.2.7s.8-1.8 4-2.2c3.5-.4 5.3 2.4 6.2 4.4.4-.4 1-.7 1.8-.9 2.8-.7 4 .7 4 .7s1.7-5 11.1-6c9.5-1.1 12.3 3.9 12.3 3.9s1.2-4.8 5.7-5.7c4.5-.9 6.8 1.8 6.8 1.8s.6-.6 1.5-.9c.9-.2 1.9-.2 1.9-.2s5.2-6.4 12.6-3.3c7.3 3.1 4.7 9 4.7 9s1.9-.9 4 0 2.8 2.4 2.8 2.4 1.9-1.2 4.5-1.2 4.3 1.2 4.3 1.2.2-1 1.4-1.7 2.1-.7 2.1-.7-.5-3.1 2.1-5.5 5.7-1.4 5.7-1.4 1.5-2.3 4.2-1.1c2.7 1.2 1.7 5.2 1.7 5.2s.3-.1 1.3.5c.5.4.8.8.9 1.1.5-1.4 2.4-5.8 8.4-4 7.1 2.1 3.5 8.9 3.5 8.9s.8-.4 2 0 1.1 1.1 1.1 1.1 1.1-1.1 2.3-1.1 2.1.5 2.1.5 1.9-3.6 6.2-1.2 1.9 6.4 1.9 6.4 2.6-2.4 7.4 0c3.4 1.7 3.9 4.9 3.9 4.9s3.3-6.9 10.4-7.9 11.5 2.6 11.5 2.6.8 0 1.2.2c.4.2.9.9.9.9s4.4-3.1 8.3.2c1.9 1.7 1.5 5 1.5 5s.3-1.1 1.6-1.4c1.3-.3 2.3.2 2.3.2s-.1-1.2.5-1.9 1.9-.9 1.9-.9-4.7-9.3 4.4-13.4c5.6-2.5 9.2.9 9.2.9s5-6.2 15.9-6.2 16.1 8.1 16.1 8.1.7-.2 1.6-.4V0H0z\"\/>\n<\/svg>\n\t\t<\/div>\n\t\t\t\t\t<div class=\"elementor-container elementor-column-gap-default\">\n\t\t\t\t\t<div class=\"elementor-column elementor-col-100 elementor-top-column elementor-element elementor-element-438ce13\" data-id=\"438ce13\" data-element_type=\"column\" data-e-type=\"column\">\n\t\t\t<div class=\"elementor-widget-wrap elementor-element-populated\">\n\t\t\t\t\t\t<div class=\"elementor-element elementor-element-bf9df70 elementor-widget elementor-widget-heading\" data-id=\"bf9df70\" data-element_type=\"widget\" data-e-type=\"widget\" data-widget_type=\"heading.default\">\n\t\t\t\t<div class=\"elementor-widget-container\">\n\t\t\t\t\t<h2 class=\"elementor-heading-title elementor-size-default\">Lo que compartieron algunos de nuestros alumnos: <\/h2>\t\t\t\t<\/div>\n\t\t\t\t<\/div>\n\t\t\t\t<div class=\"elementor-element elementor-element-988902c elementor-widget-divider--view-line elementor-widget elementor-widget-divider\" data-id=\"988902c\" data-element_type=\"widget\" data-e-type=\"widget\" data-widget_type=\"divider.default\">\n\t\t\t\t<div class=\"elementor-widget-container\">\n\t\t\t\t\t\t\t<div class=\"elementor-divider\">\n\t\t\t<span class=\"elementor-divider-separator\">\n\t\t\t\t\t\t<\/span>\n\t\t<\/div>\n\t\t\t\t\t\t<\/div>\n\t\t\t\t<\/div>\n\t\t\t\t<div class=\"elementor-element elementor-element-41e724c elementor-widget elementor-widget-heading\" data-id=\"41e724c\" data-element_type=\"widget\" data-e-type=\"widget\" data-widget_type=\"heading.default\">\n\t\t\t\t<div class=\"elementor-widget-container\">\n\t\t\t\t\t<h2 class=\"elementor-heading-title elementor-size-default\">C\u00f3mo nuestras clases cambiaron sus vidas!<\/h2>\t\t\t\t<\/div>\n\t\t\t\t<\/div>\n\t\t\t\t<section class=\"elementor-section elementor-inner-section elementor-element elementor-element-d01ae66 elementor-section-boxed elementor-section-height-default elementor-section-height-default\" data-id=\"d01ae66\" data-element_type=\"section\" data-e-type=\"section\">\n\t\t\t\t\t\t<div class=\"elementor-container elementor-column-gap-default\">\n\t\t\t\t\t<div class=\"elementor-column elementor-col-33 elementor-inner-column elementor-element elementor-element-e63aa6f\" data-id=\"e63aa6f\" data-element_type=\"column\" data-e-type=\"column\">\n\t\t\t<div class=\"elementor-widget-wrap elementor-element-populated\">\n\t\t\t\t\t\t<div class=\"elementor-element elementor-element-9fb7deb elementor-widget elementor-widget-image\" data-id=\"9fb7deb\" data-element_type=\"widget\" data-e-type=\"widget\" data-widget_type=\"image.default\">\n\t\t\t\t<div class=\"elementor-widget-container\">\n\t\t\t\t\t\t\t\t\t\t\t\t<figure class=\"wp-caption\">\n\t\t\t\t\t\t\t\t\t\t<img decoding=\"async\" width=\"191\" height=\"208\" src=\"https:\/\/old.fineandflow.com\/wp-content\/uploads\/2023\/06\/Screenshot_11.png\" class=\"attachment-large size-large wp-image-1411\" alt=\"\" \/>\t\t\t\t\t\t\t\t\t\t\t<figcaption class=\"widget-image-caption wp-caption-text\"><b>Antonella Bruno<\/b><br \/>Licenciada en Recursos Humanos Consultora independiente<\/figcaption>\n\t\t\t\t\t\t\t\t\t\t<\/figure>\n\t\t\t\t\t\t\t\t\t<\/div>\n\t\t\t\t<\/div>\n\t\t\t\t<div class=\"elementor-element elementor-element-4a804af elementor-widget elementor-widget-text-editor\" data-id=\"4a804af\" data-element_type=\"widget\" data-e-type=\"widget\" data-widget_type=\"text-editor.default\">\n\t\t\t\t<div class=\"elementor-widget-container\">\n\t\t\t\t\t\t\t\t\t<p>Hace m\u00e1s de 4 a\u00f1os que soy alumna de Fine&amp;Flow. Comenc\u00e9 porque necesitaba mejorar mi oralidad, incorporar vocabulario m\u00e1s t\u00e9cnico y llevar adelante entrevistas en ingl\u00e9s. Sin dudas fue una de mis mejores elecciones, mejor\u00e9 much\u00edsimo mi oralidad y pude hacer entrevistas y participar de reuniones en ingl\u00e9s con personas de EE UU, Canad\u00e1 y UK.<\/p>\t\t\t\t\t\t\t\t<\/div>\n\t\t\t\t<\/div>\n\t\t\t\t<div class=\"elementor-element elementor-element-45b2742 elementor-widget elementor-widget-image\" data-id=\"45b2742\" data-element_type=\"widget\" data-e-type=\"widget\" data-widget_type=\"image.default\">\n\t\t\t\t<div class=\"elementor-widget-container\">\n\t\t\t\t\t\t\t\t\t\t\t\t<figure class=\"wp-caption\">\n\t\t\t\t\t\t\t\t\t\t<img fetchpriority=\"high\" decoding=\"async\" width=\"283\" height=\"265\" src=\"https:\/\/old.fineandflow.com\/wp-content\/uploads\/2023\/06\/Screenshot_10-e1687526822106.png\" class=\"attachment-large size-large wp-image-1410\" alt=\"\" \/>\t\t\t\t\t\t\t\t\t\t\t<figcaption class=\"widget-image-caption wp-caption-text\"><b>Mariana Aro<\/b><br \/>Talent Director<br \/>en CloudGaia<\/figcaption>\n\t\t\t\t\t\t\t\t\t\t<\/figure>\n\t\t\t\t\t\t\t\t\t<\/div>\n\t\t\t\t<\/div>\n\t\t\t\t<div class=\"elementor-element elementor-element-87b9766 elementor-widget elementor-widget-text-editor\" data-id=\"87b9766\" data-element_type=\"widget\" data-e-type=\"widget\" data-widget_type=\"text-editor.default\">\n\t\t\t\t<div class=\"elementor-widget-container\">\n\t\t\t\t\t\t\t\t\t<p>Antes de Contratar Fine &amp; Flow para la empresa donde trabajo, lo contrat\u00e9 para mi , esto hizo que cambiara tanto mi visi\u00f3n sobre el aprendizaje del ingl\u00e9s que cuando hubo que acompa\u00f1ar estrat\u00e9gicamente el crecimiento de los colaboradores con la ense\u00f1anza del idioma ingles no dud\u00e9 en presentar a Fine &amp; Flow que supo posicionarse en poqu\u00edsimo tiempo como nuestro aliado estrat\u00e9gico dando los resultados esperados y adapt\u00e1ndose a nuestros requerimientos.<br \/>A nivel personal los beneficios fueron que hoy puedo participar en reuniones en ingl\u00e9s, realizar entrevistas y trabajar en este idioma , como empresa el crecimiento que han tenido los colaboradores es que tambi\u00e9n pueden participar en reuniones con clientes en el idioma ingl\u00e9s.<\/p>\t\t\t\t\t\t\t\t<\/div>\n\t\t\t\t<\/div>\n\t\t\t\t\t<\/div>\n\t\t<\/div>\n\t\t\t\t<div class=\"elementor-column elementor-col-33 elementor-inner-column elementor-element elementor-element-5a4f14a\" data-id=\"5a4f14a\" data-element_type=\"column\" data-e-type=\"column\">\n\t\t\t<div class=\"elementor-widget-wrap elementor-element-populated\">\n\t\t\t\t\t\t<div class=\"elementor-element elementor-element-e94a33b elementor-widget elementor-widget-image\" data-id=\"e94a33b\" data-element_type=\"widget\" data-e-type=\"widget\" data-widget_type=\"image.default\">\n\t\t\t\t<div class=\"elementor-widget-container\">\n\t\t\t\t\t\t\t\t\t\t\t\t<figure class=\"wp-caption\">\n\t\t\t\t\t\t\t\t\t\t<img decoding=\"async\" width=\"190\" height=\"190\" src=\"https:\/\/old.fineandflow.com\/wp-content\/uploads\/2023\/06\/Screenshot_14.png\" class=\"attachment-large size-large wp-image-1414\" alt=\"\" srcset=\"https:\/\/old.fineandflow.com\/wp-content\/uploads\/2023\/06\/Screenshot_14.png 190w, https:\/\/old.fineandflow.com\/wp-content\/uploads\/2023\/06\/Screenshot_14-150x150.png 150w\" sizes=\"(max-width: 190px) 100vw, 190px\" \/>\t\t\t\t\t\t\t\t\t\t\t<figcaption class=\"widget-image-caption wp-caption-text\"><b>Goyo Montes<\/b><br \/>Ingeniero en Inform\u00e1tica<\/figcaption>\n\t\t\t\t\t\t\t\t\t\t<\/figure>\n\t\t\t\t\t\t\t\t\t<\/div>\n\t\t\t\t<\/div>\n\t\t\t\t<div class=\"elementor-element elementor-element-efe1c86 elementor-widget elementor-widget-text-editor\" data-id=\"efe1c86\" data-element_type=\"widget\" data-e-type=\"widget\" data-widget_type=\"text-editor.default\">\n\t\t\t\t<div class=\"elementor-widget-container\">\n\t\t\t\t\t\t\t\t\t<p>Trabajo como t\u00e9cnico para la Administraci\u00f3n General del Estado de Espa\u00f1a. Soy Jefe del Departamento T\u00e9cnico.<br \/>Establec\u00ed contacto con Fine&amp;Flow en 2017, porque necesitaba superar un examen de nivel de ingl\u00e9s requerido para progresar en mi trabajo. Este a\u00f1o he realizado el examen para conservar el nivel y he conseguido superarlo.<br \/>Profesionales 100%, implicados en tu progreso y \u00e9xito asegurado.<\/p>\t\t\t\t\t\t\t\t<\/div>\n\t\t\t\t<\/div>\n\t\t\t\t<div class=\"elementor-element elementor-element-402e0ba elementor-widget elementor-widget-image\" data-id=\"402e0ba\" data-element_type=\"widget\" data-e-type=\"widget\" data-widget_type=\"image.default\">\n\t\t\t\t<div class=\"elementor-widget-container\">\n\t\t\t\t\t\t\t\t\t\t\t\t<figure class=\"wp-caption\">\n\t\t\t\t\t\t\t\t\t\t<img loading=\"lazy\" decoding=\"async\" width=\"179\" height=\"171\" src=\"https:\/\/old.fineandflow.com\/wp-content\/uploads\/2023\/06\/Screenshot_13.png\" class=\"attachment-large size-large wp-image-1413\" alt=\"\" \/>\t\t\t\t\t\t\t\t\t\t\t<figcaption class=\"widget-image-caption wp-caption-text\"><b>Virginia<\/b><br \/><\/figcaption>\n\t\t\t\t\t\t\t\t\t\t<\/figure>\n\t\t\t\t\t\t\t\t\t<\/div>\n\t\t\t\t<\/div>\n\t\t\t\t<div class=\"elementor-element elementor-element-432f83b elementor-widget elementor-widget-text-editor\" data-id=\"432f83b\" data-element_type=\"widget\" data-e-type=\"widget\" data-widget_type=\"text-editor.default\">\n\t\t\t\t<div class=\"elementor-widget-container\">\n\t\t\t\t\t\t\t\t\t<p>Ser alumna de Fine &amp; Flow ha sido una herramienta fundamental en mi carrera dentro del ecosistema Salesforce. En Salesforce + gran parte de la documentaci\u00f3n t\u00e9cnica, recursos de aprendizaje y foros de discusi\u00f3n est\u00e1n en ingl\u00e9s. Poder mejorar mis habilidades con el Ingles, me ha da acceso directo a una amplia gama de recursos que me han permitido adquirir un conocimiento profundo de la plataforma y sus funcionalidades. Adem\u00e1s, las certificaciones en Salesforce, reconocidas en todo el mundo, son administradas y evaluadas en ingl\u00e9s. Gracias a las clases de ingl\u00e9s que tomo semanalmente, he podido estudiar y prepararme de manera efectiva para estas certificaciones. El ingl\u00e9s ha sido una habilidad fundamental en mi camino profesional dentro del ecosistema Salesforce. Me ha brindado acceso a recursos clave, y me ha facilitado la comunicaci\u00f3n efectiva con profesionales de todo el mundo. Poder hablar mas fluido ha sido una pieza clave en mi profesionalizaci\u00f3n y en el logro de mis metas en esta industria en constante evoluci\u00f3n<\/p>\t\t\t\t\t\t\t\t<\/div>\n\t\t\t\t<\/div>\n\t\t\t\t\t<\/div>\n\t\t<\/div>\n\t\t\t\t<div class=\"elementor-column elementor-col-33 elementor-inner-column elementor-element elementor-element-eaa8e80\" data-id=\"eaa8e80\" data-element_type=\"column\" data-e-type=\"column\">\n\t\t\t<div class=\"elementor-widget-wrap elementor-element-populated\">\n\t\t\t\t\t\t<div class=\"elementor-element elementor-element-3714164 elementor-widget elementor-widget-image\" data-id=\"3714164\" data-element_type=\"widget\" data-e-type=\"widget\" data-widget_type=\"image.default\">\n\t\t\t\t<div class=\"elementor-widget-container\">\n\t\t\t\t\t\t\t\t\t\t\t\t<figure class=\"wp-caption\">\n\t\t\t\t\t\t\t\t\t\t<img loading=\"lazy\" decoding=\"async\" width=\"287\" height=\"258\" src=\"https:\/\/old.fineandflow.com\/wp-content\/uploads\/2023\/06\/Screenshot_12-e1687527322464.png\" class=\"attachment-large size-large wp-image-1412\" alt=\"\" \/>\t\t\t\t\t\t\t\t\t\t\t<figcaption class=\"widget-image-caption wp-caption-text\"><b>Tomas Vallini<\/b><br \/>Ingeniero en Sistemas<\/figcaption>\n\t\t\t\t\t\t\t\t\t\t<\/figure>\n\t\t\t\t\t\t\t\t\t<\/div>\n\t\t\t\t<\/div>\n\t\t\t\t<div class=\"elementor-element elementor-element-c6f016a elementor-widget elementor-widget-text-editor\" data-id=\"c6f016a\" data-element_type=\"widget\" data-e-type=\"widget\" data-widget_type=\"text-editor.default\">\n\t\t\t\t<div class=\"elementor-widget-container\">\n\t\t\t\t\t\t\t\t\t<p>He tenido la oportunidad de trabajar con Fine&amp;Flow hace unos a\u00f1os atr\u00e1s y me ha proporcionado muchos beneficios laborales. En primer lugar, he mejorado considerablemente mis habilidades de comunicaci\u00f3n en ingl\u00e9s. Esto me ha permitido comunicarme con confianza en entornos profesionales y como resultado, he podido colaborar con personas de diferentes pa\u00edses y culturas.<br \/>Adem\u00e1s, el dominio del ingl\u00e9s me ha abierto las puertas a nuevas oportunidades laborales. Al tener fluidez en el idioma, he podido acceder a trabajos internacionales y proyectos multinacionales que valoran el conocimiento del ingl\u00e9s como requisito fundamental.<br \/>La ense\u00f1anza y el apoyo continuo que recib\u00ed de Magda me han ayudado a alcanzar mis metas y superar mis desaf\u00edos. Su enfoque personalizado y atenci\u00f3n individualizada me permitieron progresar de manera constante y construir una base s\u00f3lida en el idioma.<br \/>Recomiendo Fine&amp;Flow a aquellos que buscan mejorar sus habilidades en ingl\u00e9s y aprovechar las oportunidades que el dominio del idioma puede ofrecer en el \u00e1mbito personal y laboral.<\/p>\t\t\t\t\t\t\t\t<\/div>\n\t\t\t\t<\/div>\n\t\t\t\t\t<\/div>\n\t\t<\/div>\n\t\t\t\t\t<\/div>\n\t\t<\/section>\n\t\t\t\t\t<\/div>\n\t\t<\/div>\n\t\t\t\t\t<\/div>\n\t\t<\/section>\n\t\t\t\t<\/div>\n\t\t","protected":false},"excerpt":{"rendered":"<p>Testimonios Lo que compartieron algunos de nuestros alumnos: C\u00f3mo nuestras clases cambiaron sus vidas! Antonella BrunoLicenciada en Recursos Humanos Consultora independiente Hace m\u00e1s de 4 a\u00f1os que soy alumna de Fine&amp;Flow. Comenc\u00e9 porque necesitaba mejorar mi oralidad, incorporar vocabulario m\u00e1s t\u00e9cnico y llevar adelante entrevistas en ingl\u00e9s. Sin dudas fue una de mis mejores elecciones, [&hellip;]<\/p>\n","protected":false},"author":2,"featured_media":0,"parent":0,"menu_order":0,"comment_status":"closed","ping_status":"closed","template":"elementor_header_footer","meta":{"_joinchat":[],"footnotes":""},"class_list":["post-1406","page","type-page","status-publish","hentry","entry"],"_links":{"self":[{"href":"https:\/\/old.fineandflow.com\/index.php?rest_route=\/wp\/v2\/pages\/1406","targetHints":{"allow":["GET"]}}],"collection":[{"href":"https:\/\/old.fineandflow.com\/index.php?rest_route=\/wp\/v2\/pages"}],"about":[{"href":"https:\/\/old.fineandflow.com\/index.php?rest_route=\/wp\/v2\/types\/page"}],"author":[{"embeddable":true,"href":"https:\/\/old.fineandflow.com\/index.php?rest_route=\/wp\/v2\/users\/2"}],"replies":[{"embeddable":true,"href":"https:\/\/old.fineandflow.com\/index.php?rest_route=%2Fwp%2Fv2%2Fcomments&post=1406"}],"version-history":[{"count":29,"href":"https:\/\/old.fineandflow.com\/index.php?rest_route=\/wp\/v2\/pages\/1406\/revisions"}],"predecessor-version":[{"id":1459,"href":"https:\/\/old.fineandflow.com\/index.php?rest_route=\/wp\/v2\/pages\/1406\/revisions\/1459"}],"wp:attachment":[{"href":"https:\/\/old.fineandflow.com\/index.php?rest_route=%2Fwp%2Fv2%2Fmedia&parent=1406"}],"curies":[{"name":"wp","href":"https:\/\/api.w.org\/{rel}","templated":true}]}}